{"id":242,"date":"2024-09-30T15:56:53","date_gmt":"2024-09-30T13:56:53","guid":{"rendered":"https:\/\/lacasa-bordsdeseine.com\/?page_id=242"},"modified":"2025-11-25T18:01:28","modified_gmt":"2025-11-25T17:01:28","slug":"evenements","status":"publish","type":"page","link":"https:\/\/www.bordsdeseine.com\/lacasa\/evenements\/","title":{"rendered":"\u00c9v\u00e8nements"},"content":{"rendered":"<div class=\"wpb-content-wrapper\"><p>[vc_row full_width=\u00a0\u00bbstretch_row_content\u00a0\u00bb full_height=\u00a0\u00bbyes\u00a0\u00bb css=\u00a0\u00bb.vc_custom_1727875389213{background-color: #c8c0e1 !important;}\u00a0\u00bb][vc_column][vc_column_text css=\u00a0\u00bb\u00a0\u00bb]<\/p>\n<h2 style=\"text-align: center;\">\u00c9V\u00c8NEMENTS<\/h2>\n<p style=\"text-align: center; color: beige; font-size: 20px;\">Que ce soit pour un <strong>anniversaire<\/strong>, un <strong>afterwork<\/strong> entre coll\u00e8gues, un <strong>ap\u00e9ro entre amis<\/strong> ou m\u00eame une <strong>soir\u00e9e karaok\u00e9<\/strong> m\u00e9morable, La Casa est l&rsquo;endroit id\u00e9al pour faire la f\u00eate au bord de l&rsquo;eau.<\/p>\n<p style=\"text-align: center;\" data-start=\"382\" data-end=\"662\">Avec sa terrasse panoramique, ses salles cosy, et son bar convivial, tout est pens\u00e9 pour que vos \u00e9v\u00e9nements soient uniques. On s\u2019occupe de l\u2019ambiance, de la logistique et m\u00eame des petites surprises qui font toute la diff\u00e9rence\u2026 vous, vous n\u2019avez plus qu\u2019\u00e0 profiter !<\/p>\n<p style=\"text-align: center;\" data-start=\"664\" data-end=\"873\">Envie de r\u00e9server ou d\u2019en savoir plus ?<br data-start=\"710\" data-end=\"713\" \/>Remplissez vite notre formulaire ci-dessous avec votre e-mail et vos id\u00e9es, et notre \u00e9quipe vous recontactera pour cr\u00e9er ensemble votre \u00e9v\u00e9nement parfait.<\/p>\n<p>[\/vc_column_text][\/vc_column][\/vc_row][vc_row css=\u00a0\u00bb.vc_custom_1764088342208{background-color: #c8c0e1 !important;border-color: #c8c0e1 !important;}\u00a0\u00bb][vc_column]<style id=\"wpforms-css-vars-855\">\n\t\t\t\t#wpforms-855 {\n\t\t\t\t--wpforms-container-padding: 0px;\n--wpforms-container-border-width: 1px;\n--wpforms-container-border-radius: 3px;\n--wpforms-background-color: rgba(0, 0, 0, 0);\n--wpforms-field-size-input-height: 43px;\n--wpforms-field-size-input-spacing: 15px;\n--wpforms-field-size-font-size: 16px;\n--wpforms-field-size-line-height: 19px;\n--wpforms-field-size-padding-h: 14px;\n--wpforms-field-size-checkbox-size: 16px;\n--wpforms-field-size-sublabel-spacing: 5px;\n--wpforms-field-size-icon-size: 1;\n--wpforms-label-size-font-size: 16px;\n--wpforms-label-size-line-height: 19px;\n--wpforms-label-size-sublabel-font-size: 14px;\n--wpforms-label-size-sublabel-line-height: 17px;\n--wpforms-button-size-font-size: 17px;\n--wpforms-button-size-height: 41px;\n--wpforms-button-size-padding-h: 15px;\n--wpforms-button-size-margin-top: 10px;\n--wpforms-container-shadow-size-box-shadow: none;\n\t\t\t}\n\t\t\t<\/style><div class=\"wpforms-container wpforms-container-full wpforms-render-modern\" id=\"wpforms-855\"><form id=\"wpforms-form-855\" class=\"wpforms-validate wpforms-form wpforms-ajax-form\" data-formid=\"855\" method=\"post\" enctype=\"multipart\/form-data\" action=\"\/lacasa\/wp-json\/wp\/v2\/pages\/242\" data-token=\"f8c8281401a89f81df3ad7ee2c8463b2\" data-token-time=\"1776231219\"><noscript class=\"wpforms-error-noscript\">Veuillez activer JavaScript dans votre navigateur pour remplir ce formulaire.<\/noscript><div id=\"wpforms-error-noscript\" style=\"display: none;\">Veuillez activer JavaScript dans votre navigateur pour remplir ce formulaire.<\/div><div class=\"wpforms-field-container\">\t\t<div id=\"wpforms-855-field_6-container\"\n\t\t\tclass=\"wpforms-field wpforms-field-text\"\n\t\t\tdata-field-type=\"text\"\n\t\t\tdata-field-id=\"6\"\n\t\t\t>\n\t\t\t<label class=\"wpforms-field-label\" for=\"wpforms-855-field_6\" >message Budget participants<\/label>\n\t\t\t<input type=\"text\" id=\"wpforms-855-field_6\" class=\"wpforms-field-medium\" name=\"wpforms[fields][6]\" >\n\t\t<\/div>\n\t\t<div id=\"wpforms-855-field_1-container\" class=\"wpforms-field wpforms-field-name\" data-field-id=\"1\"><fieldset><legend class=\"wpforms-field-label\">Nom <span class=\"wpforms-required-label\" aria-hidden=\"true\">*<\/span><\/legend><div class=\"wpforms-field-row wpforms-field-medium\"><div class=\"wpforms-field-row-block wpforms-first wpforms-one-half\"><input type=\"text\" id=\"wpforms-855-field_1\" class=\"wpforms-field-name-first wpforms-field-required\" name=\"wpforms[fields][1][first]\" aria-errormessage=\"wpforms-855-field_1-error\" required><label for=\"wpforms-855-field_1\" class=\"wpforms-field-sublabel after\">Pr\u00e9nom<\/label><\/div><div class=\"wpforms-field-row-block wpforms-one-half\"><input type=\"text\" id=\"wpforms-855-field_1-last\" class=\"wpforms-field-name-last wpforms-field-required\" name=\"wpforms[fields][1][last]\" aria-errormessage=\"wpforms-855-field_1-last-error\" required><label for=\"wpforms-855-field_1-last\" class=\"wpforms-field-sublabel after\">Nom<\/label><\/div><\/div><\/fieldset><\/div><div id=\"wpforms-855-field_4-container\" class=\"wpforms-field wpforms-field-number\" data-field-id=\"4\"><label class=\"wpforms-field-label\" for=\"wpforms-855-field_4\">Nombres de participants <span class=\"wpforms-required-label\" aria-hidden=\"true\">*<\/span><\/label><input type=\"number\" id=\"wpforms-855-field_4\" class=\"wpforms-field-medium wpforms-field-required\" name=\"wpforms[fields][4]\" step=\"any\" aria-errormessage=\"wpforms-855-field_4-error\" aria-describedby=\"wpforms-855-field_4-description\" required><div id=\"wpforms-855-field_4-description\" class=\"wpforms-field-description\">Pr\u00e9cisez le nombre de personnes pr\u00e9sentes lors de votre \u00e9v\u00e8nement.<\/div><\/div><div id=\"wpforms-855-field_5-container\" class=\"wpforms-field wpforms-field-text\" data-field-id=\"5\"><label class=\"wpforms-field-label\" for=\"wpforms-855-field_5\">Budget <span class=\"wpforms-required-label\" aria-hidden=\"true\">*<\/span><\/label><input type=\"text\" id=\"wpforms-855-field_5\" class=\"wpforms-field-medium wpforms-field-required\" name=\"wpforms[fields][5]\" aria-errormessage=\"wpforms-855-field_5-error\" aria-describedby=\"wpforms-855-field_5-description\" required><div id=\"wpforms-855-field_5-description\" class=\"wpforms-field-description\">Pr\u00e9cisez l'enveloppe budg\u00e9taire associ\u00e9e \u00e0 votre \u00e9v\u00e8nement. <\/div><\/div><div id=\"wpforms-855-field_2-container\" class=\"wpforms-field wpforms-field-email\" data-field-id=\"2\"><label class=\"wpforms-field-label\" for=\"wpforms-855-field_2\">E-mail <span class=\"wpforms-required-label\" aria-hidden=\"true\">*<\/span><\/label><input type=\"email\" id=\"wpforms-855-field_2\" class=\"wpforms-field-medium wpforms-field-required\" name=\"wpforms[fields][2]\" spellcheck=\"false\" aria-errormessage=\"wpforms-855-field_2-error\" aria-describedby=\"wpforms-855-field_2-description\" required><div id=\"wpforms-855-field_2-description\" class=\"wpforms-field-description\">Partagez votre adresse e-mail afin que nous puissions vous recontacter.<\/div><\/div><div id=\"wpforms-855-field_3-container\" class=\"wpforms-field wpforms-field-textarea\" data-field-id=\"3\"><label class=\"wpforms-field-label\" for=\"wpforms-855-field_3\">Commentaire ou message<\/label><textarea id=\"wpforms-855-field_3\" class=\"wpforms-field-medium\" name=\"wpforms[fields][3]\" aria-errormessage=\"wpforms-855-field_3-error\" aria-describedby=\"wpforms-855-field_3-description\" ><\/textarea><div id=\"wpforms-855-field_3-description\" class=\"wpforms-field-description\">Ajoutez ici toute information qui vous semble pertinente pour l'organisation de votre \u00e9v\u00e8nement. <\/div><\/div><script>\n\t\t\t\t( function() {\n\t\t\t\t\tconst style = document.createElement( 'style' );\n\t\t\t\t\tstyle.appendChild( document.createTextNode( '#wpforms-855-field_6-container { position: absolute !important; overflow: hidden !important; display: inline !important; height: 1px !important; width: 1px !important; z-index: -1000 !important; padding: 0 !important; } #wpforms-855-field_6-container input { visibility: hidden; } #wpforms-conversational-form-page #wpforms-855-field_6-container label { counter-increment: none; }' ) );\n\t\t\t\t\tdocument.head.appendChild( style );\n\t\t\t\t\tdocument.currentScript?.remove();\n\t\t\t\t} )();\n\t\t\t<\/script><\/div><!-- .wpforms-field-container --><div class=\"wpforms-submit-container\" ><input type=\"hidden\" name=\"wpforms[id]\" value=\"855\"><input type=\"hidden\" name=\"page_title\" value=\"\"><input type=\"hidden\" name=\"page_url\" value=\"https:\/\/www.bordsdeseine.com\/lacasa\/wp-json\/wp\/v2\/pages\/242\"><input type=\"hidden\" name=\"url_referer\" value=\"\"><button type=\"submit\" name=\"wpforms[submit]\" id=\"wpforms-submit-855\" class=\"wpforms-submit\" data-alt-text=\"Envoi...\" data-submit-text=\"Envoyer\" aria-live=\"assertive\" value=\"wpforms-submit\">Envoyer<\/button><img loading=\"lazy\" decoding=\"async\" src=\"https:\/\/www.bordsdeseine.com\/wp-content\/plugins\/wpforms-lite\/assets\/images\/submit-spin.svg\" class=\"wpforms-submit-spinner\" style=\"display: none;\" width=\"26\" height=\"26\" alt=\"Chargement en cours\"><\/div><\/form><\/div>  <!-- .wpforms-container -->[\/vc_column][\/vc_row]<\/p>\n<\/div>","protected":false},"excerpt":{"rendered":"<p>[vc_row full_width=\u00a0\u00bbstretch_row_content\u00a0\u00bb full_height=\u00a0\u00bbyes\u00a0\u00bb css=\u00a0\u00bb.vc_custom_1727875389213{background-color: #c8c0e1 !important;}\u00a0\u00bb][vc_column][vc_column_text css=\u00a0\u00bb\u00a0\u00bb] \u00c9V\u00c8NEMENTS Que ce soit pour un anniversaire, un afterwork entre coll\u00e8gues, un ap\u00e9ro entre amis ou m\u00eame une soir\u00e9e karaok\u00e9 m\u00e9morable, La Casa est l&rsquo;endroit id\u00e9al pour faire la f\u00eate au bord de l&rsquo;eau. Avec sa terrasse panoramique, ses salles cosy, et son bar convivial, tout est pens\u00e9&hellip;<\/p>\n","protected":false},"author":6,"featured_media":0,"parent":0,"menu_order":0,"comment_status":"closed","ping_status":"closed","template":"","meta":{"_acf_changed":false,"footnotes":""},"class_list":["post-242","page","type-page","status-publish","hentry"],"acf":[],"yoast_head":"<!-- This site is optimized with the Yoast SEO plugin v25.6 - https:\/\/yoast.com\/wordpress\/plugins\/seo\/ -->\n<title>\u00c9v\u00e8nements - LA CASA<\/title>\n<meta name=\"robots\" content=\"index, follow, max-snippet:-1, max-image-preview:large, max-video-preview:-1\" \/>\n<link rel=\"canonical\" href=\"https:\/\/www.bordsdeseine.com\/lacasa\/evenements\/\" \/>\n<meta property=\"og:locale\" content=\"fr_FR\" \/>\n<meta property=\"og:type\" content=\"article\" \/>\n<meta property=\"og:title\" content=\"\u00c9v\u00e8nements - LA CASA\" \/>\n<meta property=\"og:description\" content=\"[vc_row full_width=\u00a0\u00bbstretch_row_content\u00a0\u00bb full_height=\u00a0\u00bbyes\u00a0\u00bb css=\u00a0\u00bb.vc_custom_1727875389213{background-color: #c8c0e1 !important;}\u00a0\u00bb][vc_column][vc_column_text css=\u00a0\u00bb\u00a0\u00bb] \u00c9V\u00c8NEMENTS Que ce soit pour un anniversaire, un afterwork entre coll\u00e8gues, un ap\u00e9ro entre amis ou m\u00eame une soir\u00e9e karaok\u00e9 m\u00e9morable, La Casa est l&rsquo;endroit id\u00e9al pour faire la f\u00eate au bord de l&rsquo;eau. Avec sa terrasse panoramique, ses salles cosy, et son bar convivial, tout est pens\u00e9&hellip;\" \/>\n<meta property=\"og:url\" content=\"https:\/\/www.bordsdeseine.com\/lacasa\/evenements\/\" \/>\n<meta property=\"og:site_name\" content=\"LA CASA\" \/>\n<meta property=\"article:modified_time\" content=\"2025-11-25T17:01:28+00:00\" \/>\n<meta name=\"twitter:card\" content=\"summary_large_image\" \/>\n<meta name=\"twitter:label1\" content=\"Dur\u00e9e de lecture estim\u00e9e\" \/>\n\t<meta name=\"twitter:data1\" content=\"1 minute\" \/>\n<script type=\"application\/ld+json\" class=\"yoast-schema-graph\">{\"@context\":\"https:\/\/schema.org\",\"@graph\":[{\"@type\":\"WebPage\",\"@id\":\"https:\/\/www.bordsdeseine.com\/lacasa\/evenements\/\",\"url\":\"https:\/\/www.bordsdeseine.com\/lacasa\/evenements\/\",\"name\":\"\u00c9v\u00e8nements - LA CASA\",\"isPartOf\":{\"@id\":\"https:\/\/www.bordsdeseine.com\/lacasa\/#website\"},\"datePublished\":\"2024-09-30T13:56:53+00:00\",\"dateModified\":\"2025-11-25T17:01:28+00:00\",\"breadcrumb\":{\"@id\":\"https:\/\/www.bordsdeseine.com\/lacasa\/evenements\/#breadcrumb\"},\"inLanguage\":\"fr-FR\",\"potentialAction\":[{\"@type\":\"ReadAction\",\"target\":[\"https:\/\/www.bordsdeseine.com\/lacasa\/evenements\/\"]}]},{\"@type\":\"BreadcrumbList\",\"@id\":\"https:\/\/www.bordsdeseine.com\/lacasa\/evenements\/#breadcrumb\",\"itemListElement\":[{\"@type\":\"ListItem\",\"position\":1,\"name\":\"Accueil\",\"item\":\"https:\/\/www.bordsdeseine.com\/lacasa\/\"},{\"@type\":\"ListItem\",\"position\":2,\"name\":\"\u00c9v\u00e8nements\"}]},{\"@type\":\"WebSite\",\"@id\":\"https:\/\/www.bordsdeseine.com\/lacasa\/#website\",\"url\":\"https:\/\/www.bordsdeseine.com\/lacasa\/\",\"name\":\"LA CASA - BORDS DE SEINE\",\"description\":\"\",\"publisher\":{\"@id\":\"https:\/\/www.bordsdeseine.com\/lacasa\/#organization\"},\"potentialAction\":[{\"@type\":\"SearchAction\",\"target\":{\"@type\":\"EntryPoint\",\"urlTemplate\":\"https:\/\/www.bordsdeseine.com\/lacasa\/?s={search_term_string}\"},\"query-input\":{\"@type\":\"PropertyValueSpecification\",\"valueRequired\":true,\"valueName\":\"search_term_string\"}}],\"inLanguage\":\"fr-FR\"},{\"@type\":\"Organization\",\"@id\":\"https:\/\/www.bordsdeseine.com\/lacasa\/#organization\",\"name\":\"LA CASA\",\"url\":\"https:\/\/www.bordsdeseine.com\/lacasa\/\",\"logo\":{\"@type\":\"ImageObject\",\"inLanguage\":\"fr-FR\",\"@id\":\"https:\/\/www.bordsdeseine.com\/lacasa\/#\/schema\/logo\/image\/\",\"url\":\"https:\/\/www.bordsdeseine.com\/wp-content\/uploads\/2024\/12\/Valise-Logo_La-Casa_Logo_Fond-Bleu_A5.png\",\"contentUrl\":\"https:\/\/www.bordsdeseine.com\/wp-content\/uploads\/2024\/12\/Valise-Logo_La-Casa_Logo_Fond-Bleu_A5.png\",\"width\":2481,\"height\":1748,\"caption\":\"LA CASA\"},\"image\":{\"@id\":\"https:\/\/www.bordsdeseine.com\/lacasa\/#\/schema\/logo\/image\/\"}}]}<\/script>\n<!-- \/ Yoast SEO plugin. -->","yoast_head_json":{"title":"\u00c9v\u00e8nements - LA CASA","robots":{"index":"index","follow":"follow","max-snippet":"max-snippet:-1","max-image-preview":"max-image-preview:large","max-video-preview":"max-video-preview:-1"},"canonical":"https:\/\/www.bordsdeseine.com\/lacasa\/evenements\/","og_locale":"fr_FR","og_type":"article","og_title":"\u00c9v\u00e8nements - LA CASA","og_description":"[vc_row full_width=\u00a0\u00bbstretch_row_content\u00a0\u00bb full_height=\u00a0\u00bbyes\u00a0\u00bb css=\u00a0\u00bb.vc_custom_1727875389213{background-color: #c8c0e1 !important;}\u00a0\u00bb][vc_column][vc_column_text css=\u00a0\u00bb\u00a0\u00bb] \u00c9V\u00c8NEMENTS Que ce soit pour un anniversaire, un afterwork entre coll\u00e8gues, un ap\u00e9ro entre amis ou m\u00eame une soir\u00e9e karaok\u00e9 m\u00e9morable, La Casa est l&rsquo;endroit id\u00e9al pour faire la f\u00eate au bord de l&rsquo;eau. Avec sa terrasse panoramique, ses salles cosy, et son bar convivial, tout est pens\u00e9&hellip;","og_url":"https:\/\/www.bordsdeseine.com\/lacasa\/evenements\/","og_site_name":"LA CASA","article_modified_time":"2025-11-25T17:01:28+00:00","twitter_card":"summary_large_image","twitter_misc":{"Dur\u00e9e de lecture estim\u00e9e":"1 minute"},"schema":{"@context":"https:\/\/schema.org","@graph":[{"@type":"WebPage","@id":"https:\/\/www.bordsdeseine.com\/lacasa\/evenements\/","url":"https:\/\/www.bordsdeseine.com\/lacasa\/evenements\/","name":"\u00c9v\u00e8nements - LA CASA","isPartOf":{"@id":"https:\/\/www.bordsdeseine.com\/lacasa\/#website"},"datePublished":"2024-09-30T13:56:53+00:00","dateModified":"2025-11-25T17:01:28+00:00","breadcrumb":{"@id":"https:\/\/www.bordsdeseine.com\/lacasa\/evenements\/#breadcrumb"},"inLanguage":"fr-FR","potentialAction":[{"@type":"ReadAction","target":["https:\/\/www.bordsdeseine.com\/lacasa\/evenements\/"]}]},{"@type":"BreadcrumbList","@id":"https:\/\/www.bordsdeseine.com\/lacasa\/evenements\/#breadcrumb","itemListElement":[{"@type":"ListItem","position":1,"name":"Accueil","item":"https:\/\/www.bordsdeseine.com\/lacasa\/"},{"@type":"ListItem","position":2,"name":"\u00c9v\u00e8nements"}]},{"@type":"WebSite","@id":"https:\/\/www.bordsdeseine.com\/lacasa\/#website","url":"https:\/\/www.bordsdeseine.com\/lacasa\/","name":"LA CASA - BORDS DE SEINE","description":"","publisher":{"@id":"https:\/\/www.bordsdeseine.com\/lacasa\/#organization"},"potentialAction":[{"@type":"SearchAction","target":{"@type":"EntryPoint","urlTemplate":"https:\/\/www.bordsdeseine.com\/lacasa\/?s={search_term_string}"},"query-input":{"@type":"PropertyValueSpecification","valueRequired":true,"valueName":"search_term_string"}}],"inLanguage":"fr-FR"},{"@type":"Organization","@id":"https:\/\/www.bordsdeseine.com\/lacasa\/#organization","name":"LA CASA","url":"https:\/\/www.bordsdeseine.com\/lacasa\/","logo":{"@type":"ImageObject","inLanguage":"fr-FR","@id":"https:\/\/www.bordsdeseine.com\/lacasa\/#\/schema\/logo\/image\/","url":"https:\/\/www.bordsdeseine.com\/wp-content\/uploads\/2024\/12\/Valise-Logo_La-Casa_Logo_Fond-Bleu_A5.png","contentUrl":"https:\/\/www.bordsdeseine.com\/wp-content\/uploads\/2024\/12\/Valise-Logo_La-Casa_Logo_Fond-Bleu_A5.png","width":2481,"height":1748,"caption":"LA CASA"},"image":{"@id":"https:\/\/www.bordsdeseine.com\/lacasa\/#\/schema\/logo\/image\/"}}]}},"_links":{"self":[{"href":"https:\/\/www.bordsdeseine.com\/lacasa\/wp-json\/wp\/v2\/pages\/242","targetHints":{"allow":["GET"]}}],"collection":[{"href":"https:\/\/www.bordsdeseine.com\/lacasa\/wp-json\/wp\/v2\/pages"}],"about":[{"href":"https:\/\/www.bordsdeseine.com\/lacasa\/wp-json\/wp\/v2\/types\/page"}],"author":[{"embeddable":true,"href":"https:\/\/www.bordsdeseine.com\/lacasa\/wp-json\/wp\/v2\/users\/6"}],"replies":[{"embeddable":true,"href":"https:\/\/www.bordsdeseine.com\/lacasa\/wp-json\/wp\/v2\/comments?post=242"}],"version-history":[{"count":14,"href":"https:\/\/www.bordsdeseine.com\/lacasa\/wp-json\/wp\/v2\/pages\/242\/revisions"}],"predecessor-version":[{"id":870,"href":"https:\/\/www.bordsdeseine.com\/lacasa\/wp-json\/wp\/v2\/pages\/242\/revisions\/870"}],"wp:attachment":[{"href":"https:\/\/www.bordsdeseine.com\/lacasa\/wp-json\/wp\/v2\/media?parent=242"}],"curies":[{"name":"wp","href":"https:\/\/api.w.org\/{rel}","templated":true}]}}