{"id":285,"date":"2024-09-30T18:44:31","date_gmt":"2024-09-30T16:44:31","guid":{"rendered":"https:\/\/lacasa-bordsdeseine.com\/?page_id=285"},"modified":"2024-10-01T17:46:53","modified_gmt":"2024-10-01T15:46:53","slug":"cgv","status":"publish","type":"page","link":"https:\/\/www.bordsdeseine.com\/lacasa\/cgv\/","title":{"rendered":"CGV"},"content":{"rendered":"<div class=\"wpb-content-wrapper\"><p>[vc_row full_width=\u00a0\u00bbstretch_row_content\u00a0\u00bb full_height=\u00a0\u00bbyes\u00a0\u00bb css=\u00a0\u00bb.vc_custom_1727714772187{background-color: #f59f48 !important;}\u00a0\u00bb][vc_column][vc_empty_space height=\u00a0\u00bb200px\u00a0\u00bb][vc_column_text css=\u00a0\u00bb\u00a0\u00bb]<\/p>\n<h1 style=\"text-align: center;\">CONDITIONS G\u00c9N\u00c9RALES DE VENTE ENTRE PROFESSIONNELS<\/h1>\n<p>[\/vc_column_text][vc_empty_space height=\u00a0\u00bb100px\u00a0\u00bb][vc_row_inner][vc_column_inner][vc_column_text css=\u00a0\u00bb\u00a0\u00bb]Les Conditions G\u00e9n\u00e9rales de Vente (CGV) pour un restaurant doivent encadrer les relations commerciales entre le restaurant et ses clients, en clarifiant les modalit\u00e9s de r\u00e9servation, de paiement, d&rsquo;annulation, etc. Voici les principales sections \u00e0 inclure dans les CGV d\u2019un restaurant :<\/p>\n<h3>1. <strong>Objet des CGV<\/strong><\/h3>\n<ul>\n<li>D\u00e9crire l&rsquo;objectif des CGV, qui est de d\u00e9finir les conditions dans lesquelles le restaurant propose ses services (restauration, livraison, r\u00e9servation, etc.).<\/li>\n<\/ul>\n<h3>2. <strong>Identit\u00e9 du restaurant<\/strong><\/h3>\n<ul>\n<li>Nom et raison sociale de l&rsquo;entreprise.<\/li>\n<li>Adresse du restaurant.<\/li>\n<li>Num\u00e9ro de SIRET ou toute autre information l\u00e9gale d&rsquo;identification.<\/li>\n<li>Coordonn\u00e9es de contact (email, t\u00e9l\u00e9phone).<\/li>\n<\/ul>\n<h3>3. <strong>R\u00e9servations<\/strong><\/h3>\n<ul>\n<li>Modalit\u00e9s de r\u00e9servation (en ligne, par t\u00e9l\u00e9phone, via une application, etc.).<\/li>\n<li>Confirmation des r\u00e9servations et d\u00e9lai de r\u00e9ponse.<\/li>\n<li>Annulation de r\u00e9servation (d\u00e9lais, frais \u00e9ventuels en cas d&rsquo;annulation tardive).<\/li>\n<li>Politique concernant les \u00ab\u00a0no-shows\u00a0\u00bb (clients qui ne se pr\u00e9sentent pas sans annuler).<\/li>\n<\/ul>\n<h3>4. <strong>Prix<\/strong><\/h3>\n<ul>\n<li>Indiquer que les prix sont affich\u00e9s en euros, toutes taxes comprises (TTC).<\/li>\n<li>Mentionner que les prix affich\u00e9s peuvent changer et sont soumis aux variations du march\u00e9 (si applicable).<\/li>\n<li>Inclure une mention sur le service inclus ou non dans les prix.<\/li>\n<\/ul>\n<h3>5. <strong>Paiement<\/strong><\/h3>\n<ul>\n<li>Modes de paiement accept\u00e9s (esp\u00e8ces, carte bancaire, ch\u00e8ques, tickets restaurant, etc.).<\/li>\n<li>Moment du paiement (\u00e0 la commande pour les livraisons, au moment de quitter le restaurant, etc.).<\/li>\n<li>Politique de paiement anticip\u00e9 (si applicable) pour les r\u00e9servations de groupe ou \u00e9v\u00e9nements sp\u00e9ciaux.<\/li>\n<\/ul>\n<h3>6. <strong>Annulation et droit de r\u00e9tractation<\/strong><\/h3>\n<ul>\n<li>Pr\u00e9ciser si le client peut annuler une r\u00e9servation sans frais et jusqu&rsquo;\u00e0 combien de temps avant la r\u00e9servation.<\/li>\n<\/ul>\n<p>[\/vc_column_text][vc_empty_space height=\u00a0\u00bb200px\u00a0\u00bb][\/vc_column_inner][\/vc_row_inner][\/vc_column][\/vc_row]<\/p>\n<\/div>","protected":false},"excerpt":{"rendered":"<p>[vc_row full_width=\u00a0\u00bbstretch_row_content\u00a0\u00bb full_height=\u00a0\u00bbyes\u00a0\u00bb css=\u00a0\u00bb.vc_custom_1727714772187{background-color: #f59f48 !important;}\u00a0\u00bb][vc_column][vc_empty_space height=\u00a0\u00bb200px\u00a0\u00bb][vc_column_text css=\u00a0\u00bb\u00a0\u00bb] CONDITIONS G\u00c9N\u00c9RALES DE VENTE ENTRE PROFESSIONNELS [\/vc_column_text][vc_empty_space height=\u00a0\u00bb100px\u00a0\u00bb][vc_row_inner][vc_column_inner][vc_column_text css=\u00a0\u00bb\u00a0\u00bb]Les Conditions G\u00e9n\u00e9rales de Vente (CGV) pour un restaurant doivent encadrer les relations commerciales entre le restaurant et ses clients, en clarifiant les modalit\u00e9s de r\u00e9servation, de paiement, d&rsquo;annulation, etc. Voici les principales sections \u00e0 inclure dans les CGV&hellip;<\/p>\n","protected":false},"author":6,"featured_media":0,"parent":0,"menu_order":0,"comment_status":"closed","ping_status":"closed","template":"","meta":{"_acf_changed":false,"footnotes":""},"class_list":["post-285","page","type-page","status-publish","hentry"],"acf":[],"yoast_head":"<!-- This site is optimized with the Yoast SEO plugin v25.6 - https:\/\/yoast.com\/wordpress\/plugins\/seo\/ -->\n<title>CGV - LA CASA<\/title>\n<meta name=\"robots\" content=\"index, follow, max-snippet:-1, max-image-preview:large, max-video-preview:-1\" \/>\n<link rel=\"canonical\" href=\"https:\/\/www.bordsdeseine.com\/lacasa\/cgv\/\" \/>\n<meta property=\"og:locale\" content=\"fr_FR\" \/>\n<meta property=\"og:type\" content=\"article\" \/>\n<meta property=\"og:title\" content=\"CGV - LA CASA\" \/>\n<meta property=\"og:description\" content=\"[vc_row full_width=\u00a0\u00bbstretch_row_content\u00a0\u00bb full_height=\u00a0\u00bbyes\u00a0\u00bb css=\u00a0\u00bb.vc_custom_1727714772187{background-color: #f59f48 !important;}\u00a0\u00bb][vc_column][vc_empty_space height=\u00a0\u00bb200px\u00a0\u00bb][vc_column_text css=\u00a0\u00bb\u00a0\u00bb] CONDITIONS G\u00c9N\u00c9RALES DE VENTE ENTRE PROFESSIONNELS [\/vc_column_text][vc_empty_space height=\u00a0\u00bb100px\u00a0\u00bb][vc_row_inner][vc_column_inner][vc_column_text css=\u00a0\u00bb\u00a0\u00bb]Les Conditions G\u00e9n\u00e9rales de Vente (CGV) pour un restaurant doivent encadrer les relations commerciales entre le restaurant et ses clients, en clarifiant les modalit\u00e9s de r\u00e9servation, de paiement, d&rsquo;annulation, etc. Voici les principales sections \u00e0 inclure dans les CGV&hellip;\" \/>\n<meta property=\"og:url\" content=\"https:\/\/www.bordsdeseine.com\/lacasa\/cgv\/\" \/>\n<meta property=\"og:site_name\" content=\"LA CASA\" \/>\n<meta property=\"article:modified_time\" content=\"2024-10-01T15:46:53+00:00\" \/>\n<meta name=\"twitter:card\" content=\"summary_large_image\" \/>\n<meta name=\"twitter:label1\" content=\"Dur\u00e9e de lecture estim\u00e9e\" \/>\n\t<meta name=\"twitter:data1\" content=\"2 minutes\" \/>\n<script type=\"application\/ld+json\" class=\"yoast-schema-graph\">{\"@context\":\"https:\/\/schema.org\",\"@graph\":[{\"@type\":\"WebPage\",\"@id\":\"https:\/\/www.bordsdeseine.com\/lacasa\/cgv\/\",\"url\":\"https:\/\/www.bordsdeseine.com\/lacasa\/cgv\/\",\"name\":\"CGV - LA CASA\",\"isPartOf\":{\"@id\":\"https:\/\/www.bordsdeseine.com\/lacasa\/#website\"},\"datePublished\":\"2024-09-30T16:44:31+00:00\",\"dateModified\":\"2024-10-01T15:46:53+00:00\",\"breadcrumb\":{\"@id\":\"https:\/\/www.bordsdeseine.com\/lacasa\/cgv\/#breadcrumb\"},\"inLanguage\":\"fr-FR\",\"potentialAction\":[{\"@type\":\"ReadAction\",\"target\":[\"https:\/\/www.bordsdeseine.com\/lacasa\/cgv\/\"]}]},{\"@type\":\"BreadcrumbList\",\"@id\":\"https:\/\/www.bordsdeseine.com\/lacasa\/cgv\/#breadcrumb\",\"itemListElement\":[{\"@type\":\"ListItem\",\"position\":1,\"name\":\"Accueil\",\"item\":\"https:\/\/www.bordsdeseine.com\/lacasa\/\"},{\"@type\":\"ListItem\",\"position\":2,\"name\":\"CGV\"}]},{\"@type\":\"WebSite\",\"@id\":\"https:\/\/www.bordsdeseine.com\/lacasa\/#website\",\"url\":\"https:\/\/www.bordsdeseine.com\/lacasa\/\",\"name\":\"LA CASA - BORDS DE SEINE\",\"description\":\"\",\"publisher\":{\"@id\":\"https:\/\/www.bordsdeseine.com\/lacasa\/#organization\"},\"potentialAction\":[{\"@type\":\"SearchAction\",\"target\":{\"@type\":\"EntryPoint\",\"urlTemplate\":\"https:\/\/www.bordsdeseine.com\/lacasa\/?s={search_term_string}\"},\"query-input\":{\"@type\":\"PropertyValueSpecification\",\"valueRequired\":true,\"valueName\":\"search_term_string\"}}],\"inLanguage\":\"fr-FR\"},{\"@type\":\"Organization\",\"@id\":\"https:\/\/www.bordsdeseine.com\/lacasa\/#organization\",\"name\":\"LA CASA\",\"url\":\"https:\/\/www.bordsdeseine.com\/lacasa\/\",\"logo\":{\"@type\":\"ImageObject\",\"inLanguage\":\"fr-FR\",\"@id\":\"https:\/\/www.bordsdeseine.com\/lacasa\/#\/schema\/logo\/image\/\",\"url\":\"https:\/\/www.bordsdeseine.com\/wp-content\/uploads\/2024\/12\/Valise-Logo_La-Casa_Logo_Fond-Bleu_A5.png\",\"contentUrl\":\"https:\/\/www.bordsdeseine.com\/wp-content\/uploads\/2024\/12\/Valise-Logo_La-Casa_Logo_Fond-Bleu_A5.png\",\"width\":2481,\"height\":1748,\"caption\":\"LA CASA\"},\"image\":{\"@id\":\"https:\/\/www.bordsdeseine.com\/lacasa\/#\/schema\/logo\/image\/\"}}]}<\/script>\n<!-- \/ Yoast SEO plugin. -->","yoast_head_json":{"title":"CGV - LA CASA","robots":{"index":"index","follow":"follow","max-snippet":"max-snippet:-1","max-image-preview":"max-image-preview:large","max-video-preview":"max-video-preview:-1"},"canonical":"https:\/\/www.bordsdeseine.com\/lacasa\/cgv\/","og_locale":"fr_FR","og_type":"article","og_title":"CGV - LA CASA","og_description":"[vc_row full_width=\u00a0\u00bbstretch_row_content\u00a0\u00bb full_height=\u00a0\u00bbyes\u00a0\u00bb css=\u00a0\u00bb.vc_custom_1727714772187{background-color: #f59f48 !important;}\u00a0\u00bb][vc_column][vc_empty_space height=\u00a0\u00bb200px\u00a0\u00bb][vc_column_text css=\u00a0\u00bb\u00a0\u00bb] CONDITIONS G\u00c9N\u00c9RALES DE VENTE ENTRE PROFESSIONNELS [\/vc_column_text][vc_empty_space height=\u00a0\u00bb100px\u00a0\u00bb][vc_row_inner][vc_column_inner][vc_column_text css=\u00a0\u00bb\u00a0\u00bb]Les Conditions G\u00e9n\u00e9rales de Vente (CGV) pour un restaurant doivent encadrer les relations commerciales entre le restaurant et ses clients, en clarifiant les modalit\u00e9s de r\u00e9servation, de paiement, d&rsquo;annulation, etc. Voici les principales sections \u00e0 inclure dans les CGV&hellip;","og_url":"https:\/\/www.bordsdeseine.com\/lacasa\/cgv\/","og_site_name":"LA CASA","article_modified_time":"2024-10-01T15:46:53+00:00","twitter_card":"summary_large_image","twitter_misc":{"Dur\u00e9e de lecture estim\u00e9e":"2 minutes"},"schema":{"@context":"https:\/\/schema.org","@graph":[{"@type":"WebPage","@id":"https:\/\/www.bordsdeseine.com\/lacasa\/cgv\/","url":"https:\/\/www.bordsdeseine.com\/lacasa\/cgv\/","name":"CGV - LA CASA","isPartOf":{"@id":"https:\/\/www.bordsdeseine.com\/lacasa\/#website"},"datePublished":"2024-09-30T16:44:31+00:00","dateModified":"2024-10-01T15:46:53+00:00","breadcrumb":{"@id":"https:\/\/www.bordsdeseine.com\/lacasa\/cgv\/#breadcrumb"},"inLanguage":"fr-FR","potentialAction":[{"@type":"ReadAction","target":["https:\/\/www.bordsdeseine.com\/lacasa\/cgv\/"]}]},{"@type":"BreadcrumbList","@id":"https:\/\/www.bordsdeseine.com\/lacasa\/cgv\/#breadcrumb","itemListElement":[{"@type":"ListItem","position":1,"name":"Accueil","item":"https:\/\/www.bordsdeseine.com\/lacasa\/"},{"@type":"ListItem","position":2,"name":"CGV"}]},{"@type":"WebSite","@id":"https:\/\/www.bordsdeseine.com\/lacasa\/#website","url":"https:\/\/www.bordsdeseine.com\/lacasa\/","name":"LA CASA - BORDS DE SEINE","description":"","publisher":{"@id":"https:\/\/www.bordsdeseine.com\/lacasa\/#organization"},"potentialAction":[{"@type":"SearchAction","target":{"@type":"EntryPoint","urlTemplate":"https:\/\/www.bordsdeseine.com\/lacasa\/?s={search_term_string}"},"query-input":{"@type":"PropertyValueSpecification","valueRequired":true,"valueName":"search_term_string"}}],"inLanguage":"fr-FR"},{"@type":"Organization","@id":"https:\/\/www.bordsdeseine.com\/lacasa\/#organization","name":"LA CASA","url":"https:\/\/www.bordsdeseine.com\/lacasa\/","logo":{"@type":"ImageObject","inLanguage":"fr-FR","@id":"https:\/\/www.bordsdeseine.com\/lacasa\/#\/schema\/logo\/image\/","url":"https:\/\/www.bordsdeseine.com\/wp-content\/uploads\/2024\/12\/Valise-Logo_La-Casa_Logo_Fond-Bleu_A5.png","contentUrl":"https:\/\/www.bordsdeseine.com\/wp-content\/uploads\/2024\/12\/Valise-Logo_La-Casa_Logo_Fond-Bleu_A5.png","width":2481,"height":1748,"caption":"LA CASA"},"image":{"@id":"https:\/\/www.bordsdeseine.com\/lacasa\/#\/schema\/logo\/image\/"}}]}},"_links":{"self":[{"href":"https:\/\/www.bordsdeseine.com\/lacasa\/wp-json\/wp\/v2\/pages\/285","targetHints":{"allow":["GET"]}}],"collection":[{"href":"https:\/\/www.bordsdeseine.com\/lacasa\/wp-json\/wp\/v2\/pages"}],"about":[{"href":"https:\/\/www.bordsdeseine.com\/lacasa\/wp-json\/wp\/v2\/types\/page"}],"author":[{"embeddable":true,"href":"https:\/\/www.bordsdeseine.com\/lacasa\/wp-json\/wp\/v2\/users\/6"}],"replies":[{"embeddable":true,"href":"https:\/\/www.bordsdeseine.com\/lacasa\/wp-json\/wp\/v2\/comments?post=285"}],"version-history":[{"count":6,"href":"https:\/\/www.bordsdeseine.com\/lacasa\/wp-json\/wp\/v2\/pages\/285\/revisions"}],"predecessor-version":[{"id":422,"href":"https:\/\/www.bordsdeseine.com\/lacasa\/wp-json\/wp\/v2\/pages\/285\/revisions\/422"}],"wp:attachment":[{"href":"https:\/\/www.bordsdeseine.com\/lacasa\/wp-json\/wp\/v2\/media?parent=285"}],"curies":[{"name":"wp","href":"https:\/\/api.w.org\/{rel}","templated":true}]}}