{"id":293,"date":"2024-09-30T18:48:25","date_gmt":"2024-09-30T16:48:25","guid":{"rendered":"https:\/\/lacasa-bordsdeseine.com\/?page_id=293"},"modified":"2024-10-01T17:41:48","modified_gmt":"2024-10-01T15:41:48","slug":"politique-de-confidentialite","status":"publish","type":"page","link":"https:\/\/www.bordsdeseine.com\/lacasa\/politique-de-confidentialite\/","title":{"rendered":"Politique de confidentialit\u00e9"},"content":{"rendered":"<div class=\"wpb-content-wrapper\"><p>[vc_row full_width=\u00a0\u00bbstretch_row_content\u00a0\u00bb full_height=\u00a0\u00bbyes\u00a0\u00bb css=\u00a0\u00bb.vc_custom_1727714772187{background-color: #f59f48 !important;}\u00a0\u00bb][vc_column][vc_empty_space height=\u00a0\u00bb200px\u00a0\u00bb][vc_column_text css=\u00a0\u00bb\u00a0\u00bb]<\/p>\n<h1 style=\"text-align: center;\">POLITIQUE DE CONFIDENTIALIT\u00c9<\/h1>\n<p>[\/vc_column_text][vc_empty_space height=\u00a0\u00bb100px\u00a0\u00bb][vc_row_inner][vc_column_inner][vc_column_text css=\u00a0\u00bb\u00a0\u00bb]La politique de confidentialit\u00e9 est susceptible d\u2019\u00eatre modifi\u00e9e ou compl\u00e9t\u00e9e \u00e0 tout moment.<\/p>\n<p>L&rsquo;objectif \u00e9tant de se conformer \u00e0 toute \u00e9volution l\u00e9gislative, r\u00e9glementaire, jurisprudentielle ou technologique et de vous pr\u00e9venir, en tant qu&rsquo;utilisateur.<\/p>\n<p>Lors de futures modifications ou compl\u00e9ments d\u2019informations, la date de la mise \u00e0 jour de la page de politique de confidentialit\u00e9 sera clairement identifi\u00e9e en t\u00eate de la pr\u00e9sente politique.<\/p>\n<p>Aussi, il convient par cons\u00e9quent que l\u2019utilisateur consulte r\u00e9guli\u00e8rement la pr\u00e9sente politique de confidentialit\u00e9 et d\u2019utilisation des cookies afin de prendre connaissance de ses \u00e9ventuelles modifications.<\/p>\n<h2 class=\"white\" style=\"font-size: 40px;\">Collecte de l\u2019information<\/h2>\n<p>Nous recueillons des informations lorsque :<\/p>\n<ul>\n<li>vous vous inscrivez sur notre site,<\/li>\n<\/ul>\n<p>Les informations recueillies incluent votre nom et votre adresse e-mail.<\/p>\n<p>En outre, nous recevons et enregistrons automatiquement des informations \u00e0 partir de votre ordinateur et navigateur, y compris\u00a0<a href=\"https:\/\/www.anthedesign.fr\/hebergement-web\/adresse-ip\/\">votre adresse IP<\/a>, vos logiciels et votre mat\u00e9riel, et la page que vous consultez.[\/vc_column_text][vc_column_text css=\u00a0\u00bb\u00a0\u00bb]<\/p>\n<h2 class=\"white\" style=\"font-size: 40px;\">Utilisation des informations<\/h2>\n<p>Toute les informations que nous recueillons aupr\u00e8s de vous peuvent \u00eatre utilis\u00e9es pour :<\/p>\n<ul>\n<li>personnaliser votre exp\u00e9rience et r\u00e9pondre \u00e0 vos besoins individuels,<\/li>\n<li>fournir un contenu publicitaire personnalis\u00e9,<\/li>\n<li>am\u00e9liorer notre site Web,<\/li>\n<li>am\u00e9liorer le service client et vos besoins de prise en charge,<\/li>\n<li>ou vous contacter par la suite par courriel.<\/li>\n<\/ul>\n<p>[\/vc_column_text][vc_column_text css=\u00a0\u00bb\u00a0\u00bb]<\/p>\n<h2 class=\"white\" style=\"font-size: 40px;\">Divulgation \u00e0 des tiers<\/h2>\n<p>Nous ne vendons, n\u2019\u00e9changeons et ne transf\u00e9rons pas vos informations personnelles identifiables \u00e0 des tiers.<\/p>\n<p>Cela ne comprend pas les tierces parties de confiance qui nous aident \u00e0 exploiter notre site web ou \u00e0 mener nos affaires, tant que ces parties conviennent de garder ces informations confidentielles.<\/p>\n<p>Nous pensons qu\u2019il est n\u00e9cessaire de partager des informations afin d\u2019enqu\u00eater, de pr\u00e9venir ou de prendre des mesures concernant des activit\u00e9s ill\u00e9gales, fraudes pr\u00e9sum\u00e9es, situations impliquant des menaces potentielles \u00e0 la s\u00e9curit\u00e9 physique de toute personne, violations de nos conditions d\u2019utilisation ou quand la loi nous y contraint.<\/p>\n<p>Les informations non priv\u00e9es, cependant, peuvent \u00eatre fournies \u00e0 d\u2019autres parties pour le marketing, la publicit\u00e9, ou d\u2019autres utilisations.[\/vc_column_text][vc_column_text css=\u00a0\u00bb\u00a0\u00bb]<\/p>\n<h2 class=\"white\" style=\"font-size: 40px;\">Protection des informations<\/h2>\n<p>Nous mettons en \u0153uvre diverses mesures de s\u00e9curit\u00e9 pour pr\u00e9server la s\u00e9curit\u00e9 de vos informations personnelles (SS, RGPD).<\/p>\n<p>Nous utilisons un cryptage \u00e0 la pointe de la technologie pour prot\u00e9ger les informations sensibles transmises en ligne.<\/p>\n<p>Nous prot\u00e9geons \u00e9galement vos informations hors ligne. Seuls les employ\u00e9s qui ont besoin d\u2019effectuer un travail sp\u00e9cifique (par exemple, la facturation ou le service \u00e0 la client\u00e8le) ont acc\u00e8s aux informations personnelles identifiables.<\/p>\n<p>Les ordinateurs et serveurs utilis\u00e9s pour stocker des informations personnelles identifiables sont conserv\u00e9s dans un environnement s\u00e9curis\u00e9.[\/vc_column_text][vc_column_text css=\u00a0\u00bb\u00a0\u00bb]<\/p>\n<h2 class=\"white\" style=\"font-size: 40px;\">Est-ce que nous utilisons des cookies ?<\/h2>\n<p>Oui. Nos cookies am\u00e9liorent l\u2019acc\u00e8s \u00e0 notre site et identifient les visiteurs r\u00e9guliers.<\/p>\n<p>En outre, nos cookies am\u00e9liorent l\u2019exp\u00e9rience d\u2019utilisateur\u00a0gr\u00e2ce au suivi et au ciblage de ses int\u00e9r\u00eats.<\/p>\n<p>Cependant, cette utilisation des cookies n\u2019est en aucune fa\u00e7on li\u00e9e \u00e0 des informations personnelles identifiables sur notre site.[\/vc_column_text][vc_column_text css=\u00a0\u00bb\u00a0\u00bb]<\/p>\n<h2 class=\"white\" style=\"font-size: 40px;\">Consentement<\/h2>\n<p>En utilisant notre site, vous consentez \u00e0 notre politique de confidentialit\u00e9.[\/vc_column_text][vc_empty_space height=\u00a0\u00bb200px\u00a0\u00bb][\/vc_column_inner][\/vc_row_inner][\/vc_column][\/vc_row]<\/p>\n<\/div>","protected":false},"excerpt":{"rendered":"<p>[vc_row full_width=\u00a0\u00bbstretch_row_content\u00a0\u00bb full_height=\u00a0\u00bbyes\u00a0\u00bb css=\u00a0\u00bb.vc_custom_1727714772187{background-color: #f59f48 !important;}\u00a0\u00bb][vc_column][vc_empty_space height=\u00a0\u00bb200px\u00a0\u00bb][vc_column_text css=\u00a0\u00bb\u00a0\u00bb] POLITIQUE DE CONFIDENTIALIT\u00c9 [\/vc_column_text][vc_empty_space height=\u00a0\u00bb100px\u00a0\u00bb][vc_row_inner][vc_column_inner][vc_column_text css=\u00a0\u00bb\u00a0\u00bb]La politique de confidentialit\u00e9 est susceptible d\u2019\u00eatre modifi\u00e9e ou compl\u00e9t\u00e9e \u00e0 tout moment. L&rsquo;objectif \u00e9tant de se conformer \u00e0 toute \u00e9volution l\u00e9gislative, r\u00e9glementaire, jurisprudentielle ou technologique et de vous pr\u00e9venir, en tant qu&rsquo;utilisateur. Lors de futures modifications ou compl\u00e9ments d\u2019informations, la date&hellip;<\/p>\n","protected":false},"author":6,"featured_media":0,"parent":0,"menu_order":0,"comment_status":"closed","ping_status":"closed","template":"","meta":{"_acf_changed":false,"footnotes":""},"class_list":["post-293","page","type-page","status-publish","hentry"],"acf":[],"yoast_head":"<!-- This site is optimized with the Yoast SEO plugin v25.6 - https:\/\/yoast.com\/wordpress\/plugins\/seo\/ -->\n<title>Politique de confidentialit\u00e9 - LA CASA<\/title>\n<meta name=\"robots\" content=\"index, follow, max-snippet:-1, max-image-preview:large, max-video-preview:-1\" \/>\n<link rel=\"canonical\" href=\"https:\/\/www.bordsdeseine.com\/lacasa\/politique-de-confidentialite\/\" \/>\n<meta property=\"og:locale\" content=\"fr_FR\" \/>\n<meta property=\"og:type\" content=\"article\" \/>\n<meta property=\"og:title\" content=\"Politique de confidentialit\u00e9 - LA CASA\" \/>\n<meta property=\"og:description\" content=\"[vc_row full_width=\u00a0\u00bbstretch_row_content\u00a0\u00bb full_height=\u00a0\u00bbyes\u00a0\u00bb css=\u00a0\u00bb.vc_custom_1727714772187{background-color: #f59f48 !important;}\u00a0\u00bb][vc_column][vc_empty_space height=\u00a0\u00bb200px\u00a0\u00bb][vc_column_text css=\u00a0\u00bb\u00a0\u00bb] POLITIQUE DE CONFIDENTIALIT\u00c9 [\/vc_column_text][vc_empty_space height=\u00a0\u00bb100px\u00a0\u00bb][vc_row_inner][vc_column_inner][vc_column_text css=\u00a0\u00bb\u00a0\u00bb]La politique de confidentialit\u00e9 est susceptible d\u2019\u00eatre modifi\u00e9e ou compl\u00e9t\u00e9e \u00e0 tout moment. L&rsquo;objectif \u00e9tant de se conformer \u00e0 toute \u00e9volution l\u00e9gislative, r\u00e9glementaire, jurisprudentielle ou technologique et de vous pr\u00e9venir, en tant qu&rsquo;utilisateur. Lors de futures modifications ou compl\u00e9ments d\u2019informations, la date&hellip;\" \/>\n<meta property=\"og:url\" content=\"https:\/\/www.bordsdeseine.com\/lacasa\/politique-de-confidentialite\/\" \/>\n<meta property=\"og:site_name\" content=\"LA CASA\" \/>\n<meta property=\"article:modified_time\" content=\"2024-10-01T15:41:48+00:00\" \/>\n<meta name=\"twitter:card\" content=\"summary_large_image\" \/>\n<meta name=\"twitter:label1\" content=\"Dur\u00e9e de lecture estim\u00e9e\" \/>\n\t<meta name=\"twitter:data1\" content=\"3 minutes\" \/>\n<script type=\"application\/ld+json\" class=\"yoast-schema-graph\">{\"@context\":\"https:\/\/schema.org\",\"@graph\":[{\"@type\":\"WebPage\",\"@id\":\"https:\/\/www.bordsdeseine.com\/lacasa\/politique-de-confidentialite\/\",\"url\":\"https:\/\/www.bordsdeseine.com\/lacasa\/politique-de-confidentialite\/\",\"name\":\"Politique de confidentialit\u00e9 - LA CASA\",\"isPartOf\":{\"@id\":\"https:\/\/www.bordsdeseine.com\/lacasa\/#website\"},\"datePublished\":\"2024-09-30T16:48:25+00:00\",\"dateModified\":\"2024-10-01T15:41:48+00:00\",\"breadcrumb\":{\"@id\":\"https:\/\/www.bordsdeseine.com\/lacasa\/politique-de-confidentialite\/#breadcrumb\"},\"inLanguage\":\"fr-FR\",\"potentialAction\":[{\"@type\":\"ReadAction\",\"target\":[\"https:\/\/www.bordsdeseine.com\/lacasa\/politique-de-confidentialite\/\"]}]},{\"@type\":\"BreadcrumbList\",\"@id\":\"https:\/\/www.bordsdeseine.com\/lacasa\/politique-de-confidentialite\/#breadcrumb\",\"itemListElement\":[{\"@type\":\"ListItem\",\"position\":1,\"name\":\"Accueil\",\"item\":\"https:\/\/www.bordsdeseine.com\/lacasa\/\"},{\"@type\":\"ListItem\",\"position\":2,\"name\":\"Politique de confidentialit\u00e9\"}]},{\"@type\":\"WebSite\",\"@id\":\"https:\/\/www.bordsdeseine.com\/lacasa\/#website\",\"url\":\"https:\/\/www.bordsdeseine.com\/lacasa\/\",\"name\":\"LA CASA - BORDS DE SEINE\",\"description\":\"\",\"publisher\":{\"@id\":\"https:\/\/www.bordsdeseine.com\/lacasa\/#organization\"},\"potentialAction\":[{\"@type\":\"SearchAction\",\"target\":{\"@type\":\"EntryPoint\",\"urlTemplate\":\"https:\/\/www.bordsdeseine.com\/lacasa\/?s={search_term_string}\"},\"query-input\":{\"@type\":\"PropertyValueSpecification\",\"valueRequired\":true,\"valueName\":\"search_term_string\"}}],\"inLanguage\":\"fr-FR\"},{\"@type\":\"Organization\",\"@id\":\"https:\/\/www.bordsdeseine.com\/lacasa\/#organization\",\"name\":\"LA CASA\",\"url\":\"https:\/\/www.bordsdeseine.com\/lacasa\/\",\"logo\":{\"@type\":\"ImageObject\",\"inLanguage\":\"fr-FR\",\"@id\":\"https:\/\/www.bordsdeseine.com\/lacasa\/#\/schema\/logo\/image\/\",\"url\":\"https:\/\/www.bordsdeseine.com\/wp-content\/uploads\/2024\/12\/Valise-Logo_La-Casa_Logo_Fond-Bleu_A5.png\",\"contentUrl\":\"https:\/\/www.bordsdeseine.com\/wp-content\/uploads\/2024\/12\/Valise-Logo_La-Casa_Logo_Fond-Bleu_A5.png\",\"width\":2481,\"height\":1748,\"caption\":\"LA CASA\"},\"image\":{\"@id\":\"https:\/\/www.bordsdeseine.com\/lacasa\/#\/schema\/logo\/image\/\"}}]}<\/script>\n<!-- \/ Yoast SEO plugin. -->","yoast_head_json":{"title":"Politique de confidentialit\u00e9 - LA CASA","robots":{"index":"index","follow":"follow","max-snippet":"max-snippet:-1","max-image-preview":"max-image-preview:large","max-video-preview":"max-video-preview:-1"},"canonical":"https:\/\/www.bordsdeseine.com\/lacasa\/politique-de-confidentialite\/","og_locale":"fr_FR","og_type":"article","og_title":"Politique de confidentialit\u00e9 - LA CASA","og_description":"[vc_row full_width=\u00a0\u00bbstretch_row_content\u00a0\u00bb full_height=\u00a0\u00bbyes\u00a0\u00bb css=\u00a0\u00bb.vc_custom_1727714772187{background-color: #f59f48 !important;}\u00a0\u00bb][vc_column][vc_empty_space height=\u00a0\u00bb200px\u00a0\u00bb][vc_column_text css=\u00a0\u00bb\u00a0\u00bb] POLITIQUE DE CONFIDENTIALIT\u00c9 [\/vc_column_text][vc_empty_space height=\u00a0\u00bb100px\u00a0\u00bb][vc_row_inner][vc_column_inner][vc_column_text css=\u00a0\u00bb\u00a0\u00bb]La politique de confidentialit\u00e9 est susceptible d\u2019\u00eatre modifi\u00e9e ou compl\u00e9t\u00e9e \u00e0 tout moment. L&rsquo;objectif \u00e9tant de se conformer \u00e0 toute \u00e9volution l\u00e9gislative, r\u00e9glementaire, jurisprudentielle ou technologique et de vous pr\u00e9venir, en tant qu&rsquo;utilisateur. Lors de futures modifications ou compl\u00e9ments d\u2019informations, la date&hellip;","og_url":"https:\/\/www.bordsdeseine.com\/lacasa\/politique-de-confidentialite\/","og_site_name":"LA CASA","article_modified_time":"2024-10-01T15:41:48+00:00","twitter_card":"summary_large_image","twitter_misc":{"Dur\u00e9e de lecture estim\u00e9e":"3 minutes"},"schema":{"@context":"https:\/\/schema.org","@graph":[{"@type":"WebPage","@id":"https:\/\/www.bordsdeseine.com\/lacasa\/politique-de-confidentialite\/","url":"https:\/\/www.bordsdeseine.com\/lacasa\/politique-de-confidentialite\/","name":"Politique de confidentialit\u00e9 - LA CASA","isPartOf":{"@id":"https:\/\/www.bordsdeseine.com\/lacasa\/#website"},"datePublished":"2024-09-30T16:48:25+00:00","dateModified":"2024-10-01T15:41:48+00:00","breadcrumb":{"@id":"https:\/\/www.bordsdeseine.com\/lacasa\/politique-de-confidentialite\/#breadcrumb"},"inLanguage":"fr-FR","potentialAction":[{"@type":"ReadAction","target":["https:\/\/www.bordsdeseine.com\/lacasa\/politique-de-confidentialite\/"]}]},{"@type":"BreadcrumbList","@id":"https:\/\/www.bordsdeseine.com\/lacasa\/politique-de-confidentialite\/#breadcrumb","itemListElement":[{"@type":"ListItem","position":1,"name":"Accueil","item":"https:\/\/www.bordsdeseine.com\/lacasa\/"},{"@type":"ListItem","position":2,"name":"Politique de confidentialit\u00e9"}]},{"@type":"WebSite","@id":"https:\/\/www.bordsdeseine.com\/lacasa\/#website","url":"https:\/\/www.bordsdeseine.com\/lacasa\/","name":"LA CASA - BORDS DE SEINE","description":"","publisher":{"@id":"https:\/\/www.bordsdeseine.com\/lacasa\/#organization"},"potentialAction":[{"@type":"SearchAction","target":{"@type":"EntryPoint","urlTemplate":"https:\/\/www.bordsdeseine.com\/lacasa\/?s={search_term_string}"},"query-input":{"@type":"PropertyValueSpecification","valueRequired":true,"valueName":"search_term_string"}}],"inLanguage":"fr-FR"},{"@type":"Organization","@id":"https:\/\/www.bordsdeseine.com\/lacasa\/#organization","name":"LA CASA","url":"https:\/\/www.bordsdeseine.com\/lacasa\/","logo":{"@type":"ImageObject","inLanguage":"fr-FR","@id":"https:\/\/www.bordsdeseine.com\/lacasa\/#\/schema\/logo\/image\/","url":"https:\/\/www.bordsdeseine.com\/wp-content\/uploads\/2024\/12\/Valise-Logo_La-Casa_Logo_Fond-Bleu_A5.png","contentUrl":"https:\/\/www.bordsdeseine.com\/wp-content\/uploads\/2024\/12\/Valise-Logo_La-Casa_Logo_Fond-Bleu_A5.png","width":2481,"height":1748,"caption":"LA CASA"},"image":{"@id":"https:\/\/www.bordsdeseine.com\/lacasa\/#\/schema\/logo\/image\/"}}]}},"_links":{"self":[{"href":"https:\/\/www.bordsdeseine.com\/lacasa\/wp-json\/wp\/v2\/pages\/293","targetHints":{"allow":["GET"]}}],"collection":[{"href":"https:\/\/www.bordsdeseine.com\/lacasa\/wp-json\/wp\/v2\/pages"}],"about":[{"href":"https:\/\/www.bordsdeseine.com\/lacasa\/wp-json\/wp\/v2\/types\/page"}],"author":[{"embeddable":true,"href":"https:\/\/www.bordsdeseine.com\/lacasa\/wp-json\/wp\/v2\/users\/6"}],"replies":[{"embeddable":true,"href":"https:\/\/www.bordsdeseine.com\/lacasa\/wp-json\/wp\/v2\/comments?post=293"}],"version-history":[{"count":6,"href":"https:\/\/www.bordsdeseine.com\/lacasa\/wp-json\/wp\/v2\/pages\/293\/revisions"}],"predecessor-version":[{"id":421,"href":"https:\/\/www.bordsdeseine.com\/lacasa\/wp-json\/wp\/v2\/pages\/293\/revisions\/421"}],"wp:attachment":[{"href":"https:\/\/www.bordsdeseine.com\/lacasa\/wp-json\/wp\/v2\/media?parent=293"}],"curies":[{"name":"wp","href":"https:\/\/api.w.org\/{rel}","templated":true}]}}